{"id":84,"date":"2021-07-06T16:11:10","date_gmt":"2021-07-06T20:11:10","guid":{"rendered":"https:\/\/silcnv.wordpress.com\/?page_id=84"},"modified":"2021-07-27T17:45:45","modified_gmt":"2021-07-27T17:45:45","slug":"ficcao-e-arte","status":"publish","type":"page","link":"https:\/\/levedura.blog\/en\/ficcao-e-arte\/","title":{"rendered":"Fic\u00e7\u00e3o e Arte"},"content":{"rendered":"<div data-elementor-type=\"wp-page\" data-elementor-id=\"84\" class=\"elementor elementor-84\" data-elementor-settings=\"[]\">\n\t\t\t\t\t\t\t<div class=\"elementor-section-wrap\">\n\t\t\t\t\t\t\t<section class=\"elementor-section elementor-top-section elementor-element elementor-element-84359d4 elementor-section-boxed elementor-section-height-default elementor-section-height-default\" data-id=\"84359d4\" data-element_type=\"section\">\n\t\t\t\t\t\t<div class=\"elementor-container elementor-column-gap-default\">\n\t\t\t\t\t<div class=\"elementor-column elementor-col-100 elementor-top-column elementor-element elementor-element-1da5ce9\" data-id=\"1da5ce9\" data-element_type=\"column\">\n\t\t\t<div class=\"elementor-widget-wrap elementor-element-populated\">\n\t\t\t\t\t\t\t\t<div class=\"elementor-element elementor-element-2da28f6 elementor-headline--style-highlight elementor-widget elementor-widget-animated-headline\" data-id=\"2da28f6\" data-element_type=\"widget\" data-settings=\"{&quot;marker&quot;:&quot;underline&quot;,&quot;highlighted_text&quot;:&quot;mudou&quot;,&quot;headline_style&quot;:&quot;highlight&quot;,&quot;loop&quot;:&quot;yes&quot;,&quot;highlight_animation_duration&quot;:1200,&quot;highlight_iteration_delay&quot;:8000}\" data-widget_type=\"animated-headline.default\">\n\t\t\t\t<div class=\"elementor-widget-container\">\n\t\t\t\t\t<h3 class=\"elementor-headline\">\n\t\t\t\t\t<span class=\"elementor-headline-plain-text elementor-headline-text-wrapper\">Quando tudo<\/span>\n\t\t\t\t<span class=\"elementor-headline-dynamic-wrapper elementor-headline-text-wrapper\">\n\t\t\t\t\t<span class=\"elementor-headline-dynamic-text elementor-headline-text-active\">mudou<\/span>\n\t\t\t\t<\/span>\n\t\t\t\t\t<span class=\"elementor-headline-plain-text elementor-headline-text-wrapper\"> (1972)<\/span>\n\t\t\t\t\t<\/h3>\n\t\t\t\t<\/div>\n\t\t\t\t<\/div>\n\t\t\t\t\t<\/div>\n\t\t<\/div>\n\t\t\t\t\t\t\t<\/div>\n\t\t<\/section>\n\t\t\t\t<section class=\"elementor-section elementor-top-section elementor-element elementor-element-3a6d84d1 elementor-section-boxed elementor-section-height-default elementor-section-height-default\" data-id=\"3a6d84d1\" data-element_type=\"section\">\n\t\t\t\t\t\t<div class=\"elementor-container elementor-column-gap-default\">\n\t\t\t\t\t<div class=\"elementor-column elementor-col-100 elementor-top-column elementor-element elementor-element-5aabf9fc\" data-id=\"5aabf9fc\" data-element_type=\"column\">\n\t\t\t<div class=\"elementor-widget-wrap elementor-element-populated\">\n\t\t\t\t\t\t\t\t<div class=\"elementor-element elementor-element-36a7feda elementor-widget elementor-widget-text-editor\" data-id=\"36a7feda\" data-element_type=\"widget\" data-widget_type=\"text-editor.default\">\n\t\t\t\t<div class=\"elementor-widget-container\">\n\t\t\t\t\t\t\t\t<p>Katy dirige como uma louca; a gente devia estar virando a mais de 120km por hora naquelas curvas. Ela \u00e9 boa, no entanto, extremamente boa, e eu j\u00e1 tinha visto ela desmontar um carro e montar ele de novo no mesmo dia. Meu local de nascimento em Whileaway era majoritariamente dedicado \u00e0 maquinaria rural e eu me recuso a lutar com um c\u00e2mbio de cinco marchas a velocidades absurdas n\u00e3o tendo obriga\u00e7\u00e3o de faz\u00ea-lo, mas mesmo naquelas curvas no meio da noite, em uma estrada p\u00e9ssima de um jeito que apenas nosso distrito conseguia faz\u00ea-lo, o jeito da Katy dirigir n\u00e3o me assustava. H\u00e1 uma coisa curiosa sobre minha esposa, no entanto: ela se recusava a mexer em armas. Ela j\u00e1 foi fazer escaladas nas florestas acima do paralelo quarenta e oito sem nenhuma arma de fogo, por dias a fio. Isso, sim, me assusta.<\/p>\n<p>Katy e eu temos tr\u00eas crian\u00e7as no total, uma dela e duas minhas. Yuriko, a minha mais velha, estava adormecida no banco de tr\u00e1s, sonhando sonhos de crian\u00e7as de doze anos sobre amor e guerra, fugas pelo mar, ca\u00e7adas ao norte, sonhos de pessoas estranhamente bonitas em lugares estranhamente belos, todas as maravilhosas tolices sobre as quais se pensa quando chegamos perto dos doze anos e as gl\u00e2ndulas come\u00e7am a funcionar. Em algum dia pr\u00f3ximo, como todo o resto, ela vai desaparecer por v\u00e1rias semanas at\u00e9 retornar suja e orgulhosa por ter matado sua primeira pantera com uma faca, ou atirado em seu primeiro urso, arrastando o cad\u00e1ver de alguma besta anormalmente perigosa que eu jamais perdoarei pelo mal que poderia ter feito a minha filha. Yuriko diz que o jeito de Katy dormir sempre lhe faz adormecer. Para algu\u00e9m que lutou tr\u00eas duelos, eu tenho medo de muito, muito mais do que isso. Estou envelhecendo. Eu disse isso para minha esposa.<\/p>\n<p>\u201cVoc\u00ea s\u00f3 tem 44 anos\u201d ela disse. Lac\u00f4nica ao ponto do sil\u00eancio, ela \u00e9. Ela ligou as luzes no painel \u2013 faltavam 3km e a estrada s\u00f3 piorava. Bem a fundo no interior. \u00c1rvores de um verde el\u00e9trico iam em dire\u00e7\u00e3o aos nossos far\u00f3is e em volta do carro. Eu coloquei a m\u00e3o embaixo tentando alcan\u00e7ar o suporte que t\u00ednhamos aparafusado \u00e0 porta e eu ent\u00e3o peguei o rifle e pus no colo. Yuriko se agitou no banco de tr\u00e1s. Ela tinha o meu porte, mas os olhos e o rosto eram da Katy. O motor do carro \u00e9 t\u00e3o silencioso, Katy diz, que \u00e9 poss\u00edvel ouvir a respira\u00e7\u00e3o no banco de tr\u00e1s. Yuki estava sozinha no carro quando a mensagem chegou, decodificando entusiasticamente suas mensagens em c\u00f3digo Morse (era tolo montar um transmissor de frequ\u00eancia perto de um motor de combust\u00e3o interna, mas quase tudo em Whileaway era movido a vapor). Ela saiu correndo do carro, minha prole desengon\u00e7ada e escandalosa, gritando bem alto, ent\u00e3o \u00e9 claro que ela precisava ter vindo conosco. N\u00f3s nos preparamos intelectualmente para isto desde que a col\u00f4nia havia sido fundada e depois, abandonada, mas isso era diferente. Era terr\u00edvel.<\/p>\t\t\t\t\t\t<\/div>\n\t\t\t\t<\/div>\n\t\t\t\t\t<\/div>\n\t\t<\/div>\n\t\t\t\t\t\t\t<\/div>\n\t\t<\/section>\n\t\t\t\t<section class=\"elementor-section elementor-top-section elementor-element elementor-element-08bc365 elementor-section-boxed elementor-section-height-default elementor-section-height-default\" data-id=\"08bc365\" data-element_type=\"section\">\n\t\t\t\t\t\t<div class=\"elementor-container elementor-column-gap-default\">\n\t\t\t\t\t<div class=\"elementor-column elementor-col-100 elementor-top-column elementor-element elementor-element-5975e81\" data-id=\"5975e81\" data-element_type=\"column\">\n\t\t\t<div class=\"elementor-widget-wrap elementor-element-populated\">\n\t\t\t\t\t\t\t\t<div class=\"elementor-element elementor-element-3573578 elementor-widget elementor-widget-image\" data-id=\"3573578\" data-element_type=\"widget\" data-widget_type=\"image.default\">\n\t\t\t\t<div class=\"elementor-widget-container\">\n\t\t\t\t\t\t\t\t\t\t\t\t\t\t\t<img decoding=\"async\" src=\"https:\/\/levedura.blog\/wp-content\/uploads\/2021\/07\/conto-russ-scaled.jpeg\" title=\"\" alt=\"\" \/>\t\t\t\t\t\t\t\t\t\t\t\t\t\t\t<\/div>\n\t\t\t\t<\/div>\n\t\t\t\t\t<\/div>\n\t\t<\/div>\n\t\t\t\t\t\t\t<\/div>\n\t\t<\/section>\n\t\t\t\t<section class=\"elementor-section elementor-top-section elementor-element elementor-element-f319583 elementor-section-boxed elementor-section-height-default elementor-section-height-default\" data-id=\"f319583\" data-element_type=\"section\">\n\t\t\t\t\t\t<div class=\"elementor-container elementor-column-gap-default\">\n\t\t\t\t\t<div class=\"elementor-column elementor-col-100 elementor-top-column elementor-element elementor-element-2a61e09\" data-id=\"2a61e09\" data-element_type=\"column\">\n\t\t\t<div class=\"elementor-widget-wrap elementor-element-populated\">\n\t\t\t\t\t\t\t\t<div class=\"elementor-element elementor-element-7f43424 elementor-widget elementor-widget-text-editor\" data-id=\"7f43424\" data-element_type=\"widget\" data-widget_type=\"text-editor.default\">\n\t\t\t\t<div class=\"elementor-widget-container\">\n\t\t\t\t\t\t\t\t<p>\u201cHomens!\u201d Yuki gritou pulando sobre a porta do carro. \u201cEles voltaram! Homens da Terra de verdade!\u201d<\/p>\n<p>N\u00f3s os encontramos na cozinha da fazenda perto do lugar onde eles haviam pousado; as janelas estavam abertas, o vento noturno estava bem ameno. N\u00f3s passamos por todo tipo de transporte quando estacionamos l\u00e1 fora \u2013 tratores a vapor, caminh\u00f5es. T\u00ednhamos um caminh\u00e3o de carga, e at\u00e9 mesmo uma bicicleta. Lydia, a bi\u00f3loga do distrito. Havia deixado sua taciturnidade nortenha por tempo o suficiente para coletar amostras de urina e de sangue e estava sentada no canto da cozinha balan\u00e7ando a cabe\u00e7a em descren\u00e7a pelos resultados; ela havia at\u00e9 mesmo se for\u00e7ado (sempre muito grande, muito justa, muito t\u00edmida e sempre dolorosamente corada) a verificar os manuais das l\u00ednguas antigas \u2013 apesar de que eu consigo fal\u00e1-las enquanto durmo. E eu realmente o fa\u00e7o. Lydia est\u00e1 desconfort\u00e1vel conosco; n\u00f3s somos sulistas e muito espalhafatosos. Eu contei vinte pessoas naquela cozinha, as mais inteligentes do Continente do Norte. Phylis Spet havia chegado de planador. Yuki era a \u00fanica crian\u00e7a ali.<\/p>\n<p>E foi a\u00ed que eu vi os quatro.<\/p>\n<p>Eles s\u00e3o maiores que a gente. Maiores e mais largos. Dois eram mais altos que eu, eu sou grande, 1,80 com os p\u00e9s descal\u00e7os. Eles s\u00e3o claramente da nossa esp\u00e9cie, mas tem algo que n\u00e3o parece certo, indescritivelmente n\u00e3o pareciam certos, e os meus olhos n\u00e3o conseguiam e ainda n\u00e3o conseguem compreender bem as linhas naqueles corpos alien\u00edgenas, de modo que eu n\u00e3o consegui me fazer toc\u00e1-los, apesar de que aquele que falava russo ter tentado apertar minha m\u00e3o, um h\u00e1bito do passado, eu suponho. Ele parecia bem-intencionado, mas eu me vi andando para tr\u00e1s at\u00e9 cobrir toda a extens\u00e3o da cozinha &#8211; e ent\u00e3o eu ri me desculpando-me depois para dar o bom exemplo (diplomacia interestelar, eu pensei) finalmente apertei sua m\u00e3o. Uma m\u00e3o bem \u00e1spera. Eles s\u00e3o pesados como cavalos de tra\u00e7\u00e3o. Vozes confusas e profundas. Yuriko havia se esgueirado entre os adultos e olhava boquiaberta para os homens.<\/p>\n<p>Ele virou a cabe\u00e7a \u2013 essa palavra n\u00e3o havia existido em nosso vocabul\u00e1rio p\u00f3 seiscentos anos \u2013 e disse em um russo ruim:<\/p>\n<p>\u201cQuem \u00e9?\u201d<\/p>\n<p>Minha filha, eu disse, e depois acrescentei (com uma aten\u00e7\u00e3o exagerada \u00e0s boas maneiras que \u00e0s vezes empregamos em momentos de insanidade). Minha filha, Yuriko Janetson. N\u00f3s usamos o sistema patron\u00edmico de nomea\u00e7\u00e3o. Ou matron\u00edmico, como voc\u00eas chamam provavelmente.<\/p>\n<p>Ele riu, involuntariamente. Yuki exclamou, \u201cEu imaginava que eles seriam bonitos!\u201d disse desapontada com aquela recep\u00e7\u00e3o. Phyllis Helgason Spet, a quem algum dia hei de matar, me deu um olhar frio, superior e venenoso atrav\u00e9s da sala, como se dissesse: Cuidado com o que vai dizer. Voc\u00ea sabe do que sou capaz. \u00c9 verdade que eu n\u00e3o tenho muito status formal, mas a Sra. Presidente vai ter s\u00e9rios problemas comigo e com todo o resto da equipe se continuar a achar que espionagem industrial \u00e9 uma op\u00e7\u00e3o vi\u00e1vel. Guerras e rumores de guerras, como dizem em um dos livros de nossos ancestrais. Eu traduzi as palavras de Yuki para o russo esdr\u00faxulo daquele homem, que uma vez fora nossa l\u00edngua franca, e o homem riu novamente.<\/p>\n<p>\u201cOnde est\u00e3o as pessoas todas?\u201d ele disse informalmente.<\/p>\n<p>Eu traduzi novamente e observei os rostos na sala; Lydia envergonhada (como sempre), Spet acirrando os olhos como se tramasse algo, Katy muito p\u00e1lida.<\/p>\n<p>\u201cIsso aqui \u00e9 Whileaway,\u201d eu disse<\/p>\n<p>Ele continuou a observar como se permanecesse confuso.<\/p>\n<p>\u201cWhileaway,\u201d eu disse. \u201cVoc\u00eas se lembram? Voc\u00eas mant\u00eam registros? Houve uma peste em Whileaway.\u201d<\/p>\n<p>Ele pareceu moderadamente interessado. As cabe\u00e7as se inquietaram no fundo da sala, e eu percebi uma agita\u00e7\u00e3o da delegada enviada pelo Parlamento de Profiss\u00f5es; de manh\u00e3, todas as reuni\u00f5es da cidade, todos os c\u00e1ucus dos distritos, estariam com as sess\u00f5es lotadas.<\/p>\n<p>\u201cPeste?\u201d Ele disse. \u201cQue azar.\u201d<\/p>\n<p>Sim, eu disse. Um grande infort\u00fanio. Perdemos metade da nossa popula\u00e7\u00e3o em uma gera\u00e7\u00e3o. Whileaway teve sorte eu disse n\u00f3s t\u00ednhamos um gene pool inicial enorme, t\u00ednhamos sido escolhidas por nossa intelig\u00eancia extrema, t\u00ednhamos uma tecnologia avan\u00e7ada e toda pessoa adulta dominava duas ou tr\u00eas expertises. O solo era bom. O clima era gloriosamente agrad\u00e1vel. Existem trinta milh\u00f5es de n\u00f3s agora. As coisas est\u00e3o crescendo como uma avalanche na ind\u00fastria &#8211; voc\u00ea compreende? &#8211; em setenta anos n\u00f3s teremos mais de uma grande cidade e mais do que uns poucos centros industriais, teremos profissionais em tempo integral, operadores de radio em tempo integral, maquinistas em tempo integral, d\u00ea-nos setenta anos e nem todas as pessoas ter\u00e3o que passar \u00be da vida em uma fazenda. E eu tentei explicar como era dif\u00edcil quando artistas s\u00f3 podiam exercer sua profiss\u00e3o no final da vida, e pouqu\u00edssimas podiam ser livres como eu e Katy. Eu tentei explicar nosso modo de governo, que consistia de dois segmentos, um dividido por profiss\u00f5es e outro por localidade; Eu contei a ele que os c\u00e1ucuses dos distritos lidavam com problemas grandes demais para as cidades sozinhas. E que o controle de popula\u00e7\u00e3o ainda n\u00e3o era um problema, embora fosse poss\u00edvel que se tornasse dentro de algum tempo. Este era um ponto delicado da nossa hist\u00f3ria; n\u00f3s precis\u00e1vamos de tempo. N\u00e3o havia necessidade de sacrificar nossa qualidade de vida para se apressar em um processo de industrializa\u00e7\u00e3o desesperado. Deixe-nos seguir em nosso passo. D\u00ea-nos tempo.<\/p>\n<p>\u201cOnde est\u00e3o todas as pessoas?\u201d ele disse monotem\u00e1tico<\/p>\n<p>E ent\u00e3o percebi que ele n\u00e3o se referia as pessoas, mas aos homens, e ele empregava um sentido a esta palavra que n\u00e3o era o mesmo que us\u00e1vamos havia pelo menos seiscentos anos.<\/p>\n<p>\u201cEles morreram,\u201d eu disse. \u201cTrinta gera\u00e7\u00f5es atr\u00e1s.\u201d<\/p>\n<p>Eu pensei que t\u00ednhamos lhe matado. Ele ficou sem ar. Fez men\u00e7\u00e3o de se levantar da cadeira em que estava; levou a m\u00e3o ao peito. Ele nos olhou com uma mistura estranha de surpresa e de um tenro sentimentalismo. Depois ele disse s\u00e9rio e solenemente:<\/p>\n<p>\u201cUma grande trag\u00e9dia.\u201d<\/p>\n<p>Eu esperei sem entender direito.<\/p>\n<p>Sim, ele disse, recuperando a respira\u00e7\u00e3o com um sorriso estranho, aquele sorriso juvenil que te diz que algo est\u00e1 sendo escondido de voc\u00ea e que logo ser\u00e1 apresentado com clamores de encorajamento e alegria, \u201cuma grande trag\u00e9dia. Mas ela terminou.\u201d E ele nos olhou a todas novamente com grande defer\u00eancia. Como se fossemos inv\u00e1lidas.<\/p>\n<p>\u201cVoc\u00eas se adaptaram incrivelmente,\u201d ele disse.<\/p>\n<p>\u201cA qu\u00ea?\u201d eu disse. Ele pareceu envergonhado. Ele pareceu inepto. Finalmente ele disse, \u201cDe onde venho as mulheres n\u00e3o se vestem de maneira t\u00e3o simples\u201d.<\/p>\n<p>\u201cElas se vestem como voc\u00ea?\u201d eu disse. \u201cComo uma noiva?\u201d porque os homens estavam vestindo um traje prateado que lhes cobria todos. Eu nunca havia visto nada t\u00e3o berrante. Ele fez como se fosse responder e depois pareceu mudar de ideia; ele riu de mim novamente. Ele parecia estranhamente contente \u2013 como se n\u00f3s f\u00f4ssemos coisinhas infantis e maravilhosas, como se ele nos tivesse fazendo um favor \u2013 ele respirou fundo e disse, \u201cBem, estamos aqui agora.\u201d<\/p>\t\t\t\t\t\t<\/div>\n\t\t\t\t<\/div>\n\t\t\t\t\t<\/div>\n\t\t<\/div>\n\t\t\t\t\t\t\t<\/div>\n\t\t<\/section>\n\t\t\t\t\t\t<\/div>\n\t\t\t\t\t<\/div>","protected":false},"excerpt":{"rendered":"<p>Quando tudo mudou (1972) Katy dirige como uma louca; a gente devia estar virando a mais de 120km por hora naquelas curvas. Ela \u00e9 boa, no entanto, extremamente boa, e eu j\u00e1 tinha visto ela desmontar um carro e montar ele de novo no mesmo dia. Meu local de nascimento em Whileaway era majoritariamente dedicado&#8230;<\/p>","protected":false},"author":1,"featured_media":0,"parent":0,"menu_order":0,"comment_status":"closed","ping_status":"closed","template":"","meta":{"footnotes":""},"class_list":["post-84","page","type-page","status-publish","hentry"],"_links":{"self":[{"href":"https:\/\/levedura.blog\/en\/wp-json\/wp\/v2\/pages\/84","targetHints":{"allow":["GET"]}}],"collection":[{"href":"https:\/\/levedura.blog\/en\/wp-json\/wp\/v2\/pages"}],"about":[{"href":"https:\/\/levedura.blog\/en\/wp-json\/wp\/v2\/types\/page"}],"author":[{"embeddable":true,"href":"https:\/\/levedura.blog\/en\/wp-json\/wp\/v2\/users\/1"}],"replies":[{"embeddable":true,"href":"https:\/\/levedura.blog\/en\/wp-json\/wp\/v2\/comments?post=84"}],"version-history":[{"count":0,"href":"https:\/\/levedura.blog\/en\/wp-json\/wp\/v2\/pages\/84\/revisions"}],"wp:attachment":[{"href":"https:\/\/levedura.blog\/en\/wp-json\/wp\/v2\/media?parent=84"}],"curies":[{"name":"wp","href":"https:\/\/api.w.org\/{rel}","templated":true}]}}